{"id":694,"date":"2021-06-30T21:08:12","date_gmt":"2021-07-01T00:08:12","guid":{"rendered":"http:\/\/citroleogroup.com\/2021\/?page_id=694"},"modified":"2022-05-18T18:05:40","modified_gmt":"2022-05-18T21:05:40","slug":"distribuidores","status":"publish","type":"page","link":"https:\/\/citroleogroup.com\/2021\/distribuidores\/","title":{"rendered":"Distribuidores"},"content":{"rendered":"<p>[vc_row full_width=&#8221;stretch_row_content_no_spaces&#8221;][vc_column][vc_single_image image=&#8221;1287&#8243; img_size=&#8221;full&#8221; alignment=&#8221;center&#8221;][vc_empty_space][\/vc_column][\/vc_row][vc_row el_class=&#8221;container&#8221;][vc_column][vc_column_text]<\/p>\n<h1 style=\"text-align: center;\">Fale com nossos distribuidores<\/h1>\n<p>[\/vc_column_text][\/vc_column][\/vc_row][vc_row el_class=&#8221;container form-citroleo&#8221;][vc_column][vc_column_text]<div role=\"form\" class=\"wpcf7\" id=\"wpcf7-f696-o1\" lang=\"pt-BR\" dir=\"ltr\">\n<div class=\"screen-reader-response\"><p role=\"status\" aria-live=\"polite\" aria-atomic=\"true\"><\/p> <ul><\/ul><\/div>\n<form action=\"\/2021\/wp-json\/wp\/v2\/pages\/694#wpcf7-f696-o1\" method=\"post\" class=\"wpcf7-form init\" novalidate=\"novalidate\" data-status=\"init\">\n<div style=\"display: none;\">\n<input type=\"hidden\" name=\"_wpcf7\" value=\"696\" \/>\n<input type=\"hidden\" name=\"_wpcf7_version\" value=\"5.5.3\" \/>\n<input type=\"hidden\" name=\"_wpcf7_locale\" value=\"pt_BR\" \/>\n<input type=\"hidden\" name=\"_wpcf7_unit_tag\" value=\"wpcf7-f696-o1\" \/>\n<input type=\"hidden\" name=\"_wpcf7_container_post\" value=\"0\" \/>\n<input type=\"hidden\" name=\"_wpcf7_posted_data_hash\" value=\"\" \/>\n<input type=\"hidden\" name=\"_wpcf7_recaptcha_response\" value=\"\" \/>\n<\/div>\n<div class=\"row\">\n<div class=\"col-12\">\n<div class=\"form-group\">\n<label>Nome Completo<\/label><br \/>\n<span class=\"wpcf7-form-control-wrap dist-nome\"><input type=\"text\" name=\"dist-nome\" value=\"\" size=\"40\" class=\"wpcf7-form-control wpcf7-text wpcf7-validates-as-required form-control\" id=\"dist-nome\" aria-required=\"true\" aria-invalid=\"false\" \/><\/span>\n<\/div>\n<\/div>\n<div class=\"col-12 col-sm-6 col-md-6 col-lg-6 col-xl-6\">\n<div class=\"form-group\">\n<label>E-Mail<\/label><br \/>\n<span class=\"wpcf7-form-control-wrap dist-email\"><input type=\"email\" name=\"dist-email\" value=\"\" size=\"40\" class=\"wpcf7-form-control wpcf7-text wpcf7-email wpcf7-validates-as-required wpcf7-validates-as-email form-control\" id=\"dist-email\" aria-required=\"true\" aria-invalid=\"false\" \/><\/span>\n<\/div>\n<\/div>\n<div class=\"col-12 col-sm-6 col-md-6 col-lg-6 col-xl-6\">\n<div class=\"form-group\">\n<label>Empresa<\/label><br \/>\n<span class=\"wpcf7-form-control-wrap dist-empresa\"><input type=\"text\" name=\"dist-empresa\" value=\"\" size=\"40\" class=\"wpcf7-form-control wpcf7-text wpcf7-validates-as-required form-control\" id=\"dist-empresa\" aria-required=\"true\" aria-invalid=\"false\" \/><\/span>\n<\/div>\n<\/div>\n<div class=\"col-12\">\n<div class=\"form-group\">\n<label>Pa\u00eds<\/label><br \/>\n<span class=\"wpcf7-form-control-wrap dist-pais\"><input type=\"text\" name=\"dist-pais\" value=\"\" size=\"40\" class=\"wpcf7-form-control wpcf7-text wpcf7-validates-as-required form-control\" id=\"dist-pais\" aria-required=\"true\" aria-invalid=\"false\" \/><\/span>\n<\/div>\n<\/div>\n<div class=\"col-12\">\n<div class=\"form-group\">\n<label>Mensagem<\/label><br \/>\n<span class=\"wpcf7-form-control-wrap dist-mensagem\"><textarea name=\"dist-mensagem\" cols=\"40\" rows=\"5\" class=\"wpcf7-form-control wpcf7-textarea wpcf7-validates-as-required form-control\" id=\"dist-mensagem\" aria-required=\"true\" aria-invalid=\"false\"><\/textarea><\/span>\n<\/div>\n<\/div>\n<div class=\"form-group form-check\">\n<span class=\"wpcf7-form-control-wrap politica-privacidade\"><span class=\"wpcf7-form-control wpcf7-acceptance\"><span class=\"wpcf7-list-item\"><label><input type=\"checkbox\" name=\"politica-privacidade\" value=\"1\" aria-invalid=\"false\" class=\"form-check-input\" \/><span class=\"wpcf7-list-item-label\">Eu li e aceito os <a href=\"javascript:\" data-toggle=\"modal\" data-target=\"#distribuidoresTermosModal\">Termos e Condi\u00e7\u00f5es de Uso<\/a> e a <a href=\"http:\/\/citroleogroup.com\/2021\/politica-de-privacidade\/\" target=\"_blank\">Pol\u00edtica de Privacidade.<\/a><\/span><\/label><\/span><\/span><\/span>\n<\/div>\n<div class=\"col-12\">\n<input type=\"submit\" value=\"Enviar\" class=\"wpcf7-form-control has-spinner wpcf7-submit button-send\" \/>\n<\/div>\n<\/div>\n<div class=\"modal fade\" id=\"distribuidoresTermosModal\" tabindex=\"-1\" aria-labelledby=\"distribuidoresTermosModalLabel\" aria-hidden=\"true\">\n<div class=\"modal-dialog modal-dialog-centered modal-dialog-scrollable\">\n<div class=\"modal-content\">\n<div class=\"modal-header\">\n<h5 class=\"modal-title mb-0\" id=\"distribuidoresTermosModalLabel\">TERMOS E CONDI\u00c7\u00d5ES DE USO<\/h5>\n<\/div>\n<div class=\"modal-body\">\n<p>Estou ciente e concordo em disponibilizar meus dados pessoais para o processo de solicita\u00e7\u00e3o de distribuidor feito pelo CITR\u00d3LEO GROUP com o \u00fanico prop\u00f3sito de atender ao processo de SOLICITA\u00c7\u00c3O DE DISTRIBUIDOR, inclusive autorizando a empresa a compartilh\u00e1-los, quando necess\u00e1rio, com seus parceiros que atuam em as outras fases deste processo.<br \/>\nEstou ciente de que, a qualquer momento, posso revogar este consentimento, optar pela anonimiza\u00e7\u00e3o, bloqueio, retifica\u00e7\u00e3o ou exclus\u00e3o de dados desnecess\u00e1rios, excessivos ou processados em viola\u00e7\u00e3o \u00e0 LGPD.<br \/>\nEste consentimento serve para cumprir as exig\u00eancias da Lei n\u00ba 13.709\/18 (Lei Geral de Prote\u00e7\u00e3o de Dados).<\/p>\n<\/div>\n<div class=\"modal-footer\">\n        <button type=\"button\" class=\"btn btn-secondary button-send\" data-dismiss=\"modal\">Fechar<\/button>\n      <\/div>\n<\/div>\n<\/div>\n<\/div>\n<div class=\"wpcf7-response-output\" aria-hidden=\"true\"><\/div><\/form><\/div>[\/vc_column_text][\/vc_column][\/vc_row]<\/p>","protected":false},"excerpt":{"rendered":"<p>[vc_row full_width=&#8221;stretch_row_content_no_spaces&#8221;][vc_column][vc_single_image image=&#8221;1287&#8243; img_size=&#8221;full&#8221; alignment=&#8221;center&#8221;][vc_empty_space][\/vc_column][\/vc_row][vc_row el_class=&#8221;container&#8221;][vc_column][vc_column_text] Fale com nossos distribuidores [\/vc_column_text][\/vc_column][\/vc_row][vc_row el_class=&#8221;container form-citroleo&#8221;][vc_column][vc_column_text][\/vc_column_text][\/vc_column][\/vc_row]<\/p>\n","protected":false},"author":1,"featured_media":0,"parent":0,"menu_order":0,"comment_status":"closed","ping_status":"closed","template":"","meta":[],"acf":[],"_links":{"self":[{"href":"https:\/\/citroleogroup.com\/2021\/wp-json\/wp\/v2\/pages\/694"}],"collection":[{"href":"https:\/\/citroleogroup.com\/2021\/wp-json\/wp\/v2\/pages"}],"about":[{"href":"https:\/\/citroleogroup.com\/2021\/wp-json\/wp\/v2\/types\/page"}],"author":[{"embeddable":true,"href":"https:\/\/citroleogroup.com\/2021\/wp-json\/wp\/v2\/users\/1"}],"replies":[{"embeddable":true,"href":"https:\/\/citroleogroup.com\/2021\/wp-json\/wp\/v2\/comments?post=694"}],"version-history":[{"count":26,"href":"https:\/\/citroleogroup.com\/2021\/wp-json\/wp\/v2\/pages\/694\/revisions"}],"predecessor-version":[{"id":1579,"href":"https:\/\/citroleogroup.com\/2021\/wp-json\/wp\/v2\/pages\/694\/revisions\/1579"}],"wp:attachment":[{"href":"https:\/\/citroleogroup.com\/2021\/wp-json\/wp\/v2\/media?parent=694"}],"curies":[{"name":"wp","href":"https:\/\/api.w.org\/{rel}","templated":true}]}}