{"id":689,"date":"2021-06-30T21:02:54","date_gmt":"2021-07-01T00:02:54","guid":{"rendered":"http:\/\/citroleogroup.com\/2021\/?page_id=689"},"modified":"2021-11-23T16:13:27","modified_gmt":"2021-11-23T19:13:27","slug":"trabalhe-conosco","status":"publish","type":"page","link":"https:\/\/citroleogroup.com\/2021\/trabalhe-conosco\/","title":{"rendered":"Trabalhe Conosco"},"content":{"rendered":"<p>[vc_row el_class=&#8221;container&#8221;][vc_column][vc_column_text]<\/p>\n<p style=\"text-align: center;\">N\u00e3o importa se voc\u00ea est\u00e1 come\u00e7ando ou se j\u00e1 est\u00e1 na estrada h\u00e1 mais tempo. A Citr\u00f3leo tem uma trilha para seguir com voc\u00ea.<\/p>\n<p>[\/vc_column_text][\/vc_column][\/vc_row][vc_row el_class=&#8221;container&#8221;][vc_column][vc_btn title=&#8221;Envie Seu Curr\u00edculo!&#8221; align=&#8221;center&#8221; el_class=&#8221;btn-verde2&#8243; link=&#8221;url:mailto%3Ajalexandrino%40citroleogroup.com|title:Trabalhe%20Conosco|target:_blank&#8221;][\/vc_column][\/vc_row][vc_row el_class=&#8221;container&#8221;][vc_column][vc_column_text]<\/p>\n<p style=\"text-align: center;\"><small>Estou ciente e de acordo em disponibilizar meus dados pessoais para o processo de Recrutamento e Sele\u00e7\u00e3o conduzido pelo GRUPO CITR\u00d3LEO para a finalidade exclusiva de atender ao processo de RECRUTAMENTO E SELE\u00c7\u00c3O DE NOVOS COLABORADORES, autorizando inclusive a empresa a compartilh\u00e1-los, quando necess\u00e1rio, com seus parceiros que atuem nas demais fases deste processo. Estou ciente de que, a qualquer momento, poderei revogar este consentimento, optar pela anonimiza\u00e7\u00e3o, bloqueio, retifica\u00e7\u00e3o ou elimina\u00e7\u00e3o de dados desnecess\u00e1rios, excessivos ou tratados em desconformidade com a LGPD. Este consentimento serve para atendimento aos requisitos da Lei n\u00ba 13.709\/18 (Lei Geral de Prote\u00e7\u00e3o de Dados).<\/small><\/p>\n<p>[\/vc_column_text][\/vc_column][\/vc_row]<\/p>","protected":false},"excerpt":{"rendered":"<p>[vc_row el_class=&#8221;container&#8221;][vc_column][vc_column_text] N\u00e3o importa se voc\u00ea est\u00e1 come\u00e7ando ou se j\u00e1 est\u00e1 na estrada h\u00e1 mais tempo. A Citr\u00f3leo tem uma trilha para seguir com voc\u00ea. [\/vc_column_text][\/vc_column][\/vc_row][vc_row el_class=&#8221;container&#8221;][vc_column][vc_btn title=&#8221;Envie Seu Curr\u00edculo!&#8221; align=&#8221;center&#8221; el_class=&#8221;btn-verde2&#8243; link=&#8221;url:mailto%3Ajalexandrino%40citroleogroup.com|title:Trabalhe%20Conosco|target:_blank&#8221;][\/vc_column][\/vc_row][vc_row el_class=&#8221;container&#8221;][vc_column][vc_column_text] Estou ciente e de acordo em disponibilizar meus dados pessoais para o processo de Recrutamento e Sele\u00e7\u00e3o conduzido pelo GRUPO [&hellip;]<\/p>\n","protected":false},"author":1,"featured_media":0,"parent":0,"menu_order":0,"comment_status":"closed","ping_status":"closed","template":"","meta":[],"acf":[],"_links":{"self":[{"href":"https:\/\/citroleogroup.com\/2021\/wp-json\/wp\/v2\/pages\/689"}],"collection":[{"href":"https:\/\/citroleogroup.com\/2021\/wp-json\/wp\/v2\/pages"}],"about":[{"href":"https:\/\/citroleogroup.com\/2021\/wp-json\/wp\/v2\/types\/page"}],"author":[{"embeddable":true,"href":"https:\/\/citroleogroup.com\/2021\/wp-json\/wp\/v2\/users\/1"}],"replies":[{"embeddable":true,"href":"https:\/\/citroleogroup.com\/2021\/wp-json\/wp\/v2\/comments?post=689"}],"version-history":[{"count":15,"href":"https:\/\/citroleogroup.com\/2021\/wp-json\/wp\/v2\/pages\/689\/revisions"}],"predecessor-version":[{"id":1415,"href":"https:\/\/citroleogroup.com\/2021\/wp-json\/wp\/v2\/pages\/689\/revisions\/1415"}],"wp:attachment":[{"href":"https:\/\/citroleogroup.com\/2021\/wp-json\/wp\/v2\/media?parent=689"}],"curies":[{"name":"wp","href":"https:\/\/api.w.org\/{rel}","templated":true}]}}