{"id":680,"date":"2021-06-30T20:52:10","date_gmt":"2021-06-30T23:52:10","guid":{"rendered":"http:\/\/citroleogroup.com\/2021\/?page_id=680"},"modified":"2022-05-18T18:08:02","modified_gmt":"2022-05-18T21:08:02","slug":"contato","status":"publish","type":"page","link":"https:\/\/citroleogroup.com\/2021\/contato\/","title":{"rendered":"Contato"},"content":{"rendered":"<p>[vc_row el_class=&#8221;container&#8221;][vc_column][vc_column_text]<\/p>\n<p style=\"text-align: center;\">Entre em contato conosco pelos nossos diferentes canais.<\/p>\n<p>[\/vc_column_text][\/vc_column][\/vc_row][vc_row el_class=&#8221;container&#8221;][vc_column][vc_column_text]<\/p>\n<div class=\"contact_page_tel_mail\" style=\"text-align: center;\">\n<p><strong>Grupo Citr\u00f3leo \u2013 Matriz<\/strong><\/p>\n<p style=\"text-align: center;\">Telefone: +55 (14) 3656-9900<\/p>\n<p style=\"text-align: center;\">E-mail: <a href=\"mailto:citroleo@citroleogroup.com\">citroleo@citroleogroup.com<\/a><\/p>\n<p style=\"text-align: center;\">Onde estamos: Rod. SP 197, km 18 Torrinha\/SP \u2013 Brasil<br \/>\nCEP 17360-000<\/p>\n<p>&nbsp;<\/p>\n<\/div>\n<p>[\/vc_column_text][\/vc_column][\/vc_row][vc_row el_class=&#8221;container form-citroleo&#8221;][vc_column][vc_column_text]<div role=\"form\" class=\"wpcf7\" id=\"wpcf7-f683-o1\" lang=\"pt-BR\" dir=\"ltr\">\n<div class=\"screen-reader-response\"><p role=\"status\" aria-live=\"polite\" aria-atomic=\"true\"><\/p> <ul><\/ul><\/div>\n<form action=\"\/2021\/wp-json\/wp\/v2\/pages\/680#wpcf7-f683-o1\" method=\"post\" class=\"wpcf7-form init\" novalidate=\"novalidate\" data-status=\"init\">\n<div style=\"display: none;\">\n<input type=\"hidden\" name=\"_wpcf7\" value=\"683\" \/>\n<input type=\"hidden\" name=\"_wpcf7_version\" value=\"5.5.3\" \/>\n<input type=\"hidden\" name=\"_wpcf7_locale\" value=\"pt_BR\" \/>\n<input type=\"hidden\" name=\"_wpcf7_unit_tag\" value=\"wpcf7-f683-o1\" \/>\n<input type=\"hidden\" name=\"_wpcf7_container_post\" value=\"0\" \/>\n<input type=\"hidden\" name=\"_wpcf7_posted_data_hash\" value=\"\" \/>\n<input type=\"hidden\" name=\"_wpcf7_recaptcha_response\" value=\"\" \/>\n<\/div>\n<div class=\"row\">\n<div class=\"col-12\">\n<div class=\"form-group\">\n<label>Nome Completo<\/label><br \/>\n<span class=\"wpcf7-form-control-wrap cont-nome\"><input type=\"text\" name=\"cont-nome\" value=\"\" size=\"40\" class=\"wpcf7-form-control wpcf7-text wpcf7-validates-as-required form-control\" id=\"cont-nome\" aria-required=\"true\" aria-invalid=\"false\" \/><\/span>\n<\/div>\n<\/div>\n<div class=\"col-12 col-sm-6 col-md-6 col-lg-6 col-xl-6\">\n<div class=\"form-group\">\n<label>CNPJ<\/label><br \/>\n<span class=\"wpcf7-form-control-wrap cont-cnpj\"><input type=\"text\" name=\"cont-cnpj\" value=\"\" size=\"40\" class=\"wpcf7-form-control wpcf7-text wpcf7-validates-as-required form-control\" id=\"ouv-cnpj\" aria-required=\"true\" aria-invalid=\"false\" \/><\/span>\n<\/div>\n<\/div>\n<div class=\"col-12 col-sm-6 col-md-6 col-lg-6 col-xl-6\">\n<div class=\"form-group\">\n<label>Nome da Empresa<\/label><br \/>\n<span class=\"wpcf7-form-control-wrap cont-nome-empresa\"><input type=\"text\" name=\"cont-nome-empresa\" value=\"\" size=\"40\" class=\"wpcf7-form-control wpcf7-text wpcf7-validates-as-required form-control\" id=\"cont-nome-empresa\" aria-required=\"true\" aria-invalid=\"false\" \/><\/span>\n<\/div>\n<\/div>\n<div class=\"col-12 col-sm-6 col-md-6 col-lg-6 col-xl-6\">\n<div class=\"form-group\">\n<label>E-Mail<\/label><br \/>\n<span class=\"wpcf7-form-control-wrap cont-email\"><input type=\"email\" name=\"cont-email\" value=\"\" size=\"40\" class=\"wpcf7-form-control wpcf7-text wpcf7-email wpcf7-validates-as-required wpcf7-validates-as-email form-control\" id=\"cont-email\" aria-required=\"true\" aria-invalid=\"false\" \/><\/span>\n<\/div>\n<\/div>\n<div class=\"col-12 col-sm-6 col-md-6 col-lg-6 col-xl-6\">\n<div class=\"form-group\">\n<label>Telefone<\/label><br \/>\n<span class=\"wpcf7-form-control-wrap cont-telefone\"><input type=\"text\" name=\"cont-telefone\" value=\"\" size=\"40\" class=\"wpcf7-form-control wpcf7-text wpcf7-validates-as-required form-control\" id=\"cont-telefone\" aria-required=\"true\" aria-invalid=\"false\" \/><\/span>\n<\/div>\n<\/div>\n<div class=\"col-12\">\n<div class=\"form-group\">\n<label>Mensagem<\/label><br \/>\n<span class=\"wpcf7-form-control-wrap cont-mensagem\"><textarea name=\"cont-mensagem\" cols=\"40\" rows=\"5\" class=\"wpcf7-form-control wpcf7-textarea wpcf7-validates-as-required form-control\" id=\"cont-mensagem\" aria-required=\"true\" aria-invalid=\"false\"><\/textarea><\/span>\n<\/div>\n<\/div>\n<div class=\"form-group form-check\">\n<span class=\"wpcf7-form-control-wrap politica-privacidade\"><span class=\"wpcf7-form-control wpcf7-acceptance\"><span class=\"wpcf7-list-item\"><label><input type=\"checkbox\" name=\"politica-privacidade\" value=\"1\" aria-invalid=\"false\" class=\"form-check-input\" \/><span class=\"wpcf7-list-item-label\">Li e aceito os <a href=\"javascript:\" data-toggle=\"modal\" data-target=\"#contatoTermosModal\">Termos e Condi\u00e7\u00f5es de Uso<\/a> e a <a href=\"http:\/\/citroleogroup.com\/2021\/politica-de-privacidade\/\" target=\"_blank\">Pol\u00edtica de Privacidade.<\/a><\/span><\/label><\/span><\/span><\/span>\n<\/div>\n<div class=\"col-12\">\n<input type=\"submit\" value=\"Enviar\" class=\"wpcf7-form-control has-spinner wpcf7-submit button-send\" \/>\n<\/div>\n<\/div>\n<div class=\"modal fade\" id=\"contatoTermosModal\" tabindex=\"-1\" aria-labelledby=\"contatoTermosModalLabel\" aria-hidden=\"true\">\n<div class=\"modal-dialog modal-dialog-centered modal-dialog-scrollable\">\n<div class=\"modal-content\">\n<div class=\"modal-header\">\n<h5 class=\"modal-title mb-0\" id=\"contatoTermosModalLabel\">TERMOS E CONDI\u00c7\u00d5ES DE USO<\/h5>\n<\/div>\n<div class=\"modal-body\">\n<p>Estou ciente e concordo em disponibilizar meus dados pessoais para contato do GRUPO CITR\u00d3LEO com o \u00fanico prop\u00f3sito de atender o processo de contato com a empresa, inclusive autorizando a empresa a compartilh\u00e1-los, quando necess\u00e1rio, com seus parceiros que atuam nas demais fases do este processo.<br\/><br \/>\nEstou ciente de que, a qualquer momento, posso revogar este consentimento, optar pela anonimiza\u00e7\u00e3o, bloqueio, retifica\u00e7\u00e3o ou exclus\u00e3o de dados desnecess\u00e1rios, excessivos ou processados \u200b\u200bem viola\u00e7\u00e3o \u00e0 LGPD.<br\/><br \/>\nEste consentimento serve para cumprir as exig\u00eancias da Lei n\u00ba 13.709\/18 (Lei Geral de Prote\u00e7\u00e3o de Dados).<\/p>\n<\/div>\n<div class=\"modal-footer\">\n        <button type=\"button\" class=\"btn btn-secondary button-send\" data-dismiss=\"modal\">Fechar<\/button>\n      <\/div>\n<\/div>\n<\/div>\n<\/div>\n<div class=\"wpcf7-response-output\" aria-hidden=\"true\"><\/div><\/form><\/div>[\/vc_column_text][\/vc_column][\/vc_row]<\/p>","protected":false},"excerpt":{"rendered":"<p>[vc_row el_class=&#8221;container&#8221;][vc_column][vc_column_text] Entre em contato conosco pelos nossos diferentes canais. [\/vc_column_text][\/vc_column][\/vc_row][vc_row el_class=&#8221;container&#8221;][vc_column][vc_column_text] Grupo Citr\u00f3leo \u2013 Matriz Telefone: +55 (14) 3656-9900 E-mail: citroleo@citroleogroup.com Onde estamos: Rod. SP 197, km 18 Torrinha\/SP \u2013 Brasil CEP 17360-000 &nbsp; [\/vc_column_text][\/vc_column][\/vc_row][vc_row el_class=&#8221;container form-citroleo&#8221;][vc_column][vc_column_text][\/vc_column_text][\/vc_column][\/vc_row]<\/p>\n","protected":false},"author":1,"featured_media":0,"parent":0,"menu_order":0,"comment_status":"closed","ping_status":"closed","template":"","meta":[],"acf":[],"_links":{"self":[{"href":"https:\/\/citroleogroup.com\/2021\/wp-json\/wp\/v2\/pages\/680"}],"collection":[{"href":"https:\/\/citroleogroup.com\/2021\/wp-json\/wp\/v2\/pages"}],"about":[{"href":"https:\/\/citroleogroup.com\/2021\/wp-json\/wp\/v2\/types\/page"}],"author":[{"embeddable":true,"href":"https:\/\/citroleogroup.com\/2021\/wp-json\/wp\/v2\/users\/1"}],"replies":[{"embeddable":true,"href":"https:\/\/citroleogroup.com\/2021\/wp-json\/wp\/v2\/comments?post=680"}],"version-history":[{"count":15,"href":"https:\/\/citroleogroup.com\/2021\/wp-json\/wp\/v2\/pages\/680\/revisions"}],"predecessor-version":[{"id":1580,"href":"https:\/\/citroleogroup.com\/2021\/wp-json\/wp\/v2\/pages\/680\/revisions\/1580"}],"wp:attachment":[{"href":"https:\/\/citroleogroup.com\/2021\/wp-json\/wp\/v2\/media?parent=680"}],"curies":[{"name":"wp","href":"https:\/\/api.w.org\/{rel}","templated":true}]}}