{"id":669,"date":"2021-06-29T20:02:39","date_gmt":"2021-06-29T23:02:39","guid":{"rendered":"http:\/\/citroleogroup.com\/2021\/?page_id=669"},"modified":"2022-02-14T15:10:00","modified_gmt":"2022-02-14T18:10:00","slug":"registro-de-usuario","status":"publish","type":"page","link":"https:\/\/citroleogroup.com\/2021\/registro-de-usuario\/","title":{"rendered":"Registro de Usu\u00e1rio"},"content":{"rendered":"<p>[vc_row el_class=&#8221;container form-citroleo&#8221;][vc_column]<div role=\"form\" class=\"wpcf7\" id=\"wpcf7-f1504-o1\" lang=\"pt-BR\" dir=\"ltr\">\n<div class=\"screen-reader-response\"><p role=\"status\" aria-live=\"polite\" aria-atomic=\"true\"><\/p> <ul><\/ul><\/div>\n<form action=\"\/2021\/wp-json\/wp\/v2\/pages\/669#wpcf7-f1504-o1\" method=\"post\" class=\"wpcf7-form init\" novalidate=\"novalidate\" data-status=\"init\">\n<div style=\"display: none;\">\n<input type=\"hidden\" name=\"_wpcf7\" value=\"1504\" \/>\n<input type=\"hidden\" name=\"_wpcf7_version\" value=\"5.5.3\" \/>\n<input type=\"hidden\" name=\"_wpcf7_locale\" value=\"pt_BR\" \/>\n<input type=\"hidden\" name=\"_wpcf7_unit_tag\" value=\"wpcf7-f1504-o1\" \/>\n<input type=\"hidden\" name=\"_wpcf7_container_post\" value=\"0\" \/>\n<input type=\"hidden\" name=\"_wpcf7_posted_data_hash\" value=\"\" \/>\n<input type=\"hidden\" name=\"_wpcf7_recaptcha_response\" value=\"\" \/>\n<\/div>\n<div class=\"row\">\n<div class=\"col-12 mb-3\">\n<h4>Dados da Empresa<\/h4>\n<\/div>\n<div class=\"col-12 col-sm-6 col-md-6 col-lg-6 col-xl-6\">\n<div class=\"form-group\">\n<label>Nome da Empresa<\/label><br \/>\n<span class=\"wpcf7-form-control-wrap cad-razao\"><input type=\"text\" name=\"cad-razao\" value=\"\" size=\"40\" class=\"wpcf7-form-control wpcf7-text wpcf7-validates-as-required form-control\" id=\"cad-razao\" aria-required=\"true\" aria-invalid=\"false\" \/><\/span>\n<\/div>\n<\/div>\n<div class=\"col-12 col-sm-6 col-md-6 col-lg-6 col-xl-6\">\n<div class=\"form-group\">\n<label>Pa\u00eds<\/label><br \/>\n<span class=\"wpcf7-form-control-wrap cad-pais\"><input type=\"text\" name=\"cad-pais\" value=\"\" size=\"40\" class=\"wpcf7-form-control wpcf7-text wpcf7-validates-as-required form-control\" id=\"cad-pais\" aria-required=\"true\" aria-invalid=\"false\" \/><\/span>\n<\/div>\n<\/div>\n<div class=\"col-12 mb-3\">\n<h4>Dados Pessoais<\/h4>\n<\/div>\n<div class=\"col-12 col-sm-6 col-md-6 col-lg-6 col-xl-6\">\n<div class=\"form-group\">\n<label>Nome Completo<\/label><br \/>\n<span class=\"wpcf7-form-control-wrap cad-nome\"><input type=\"text\" name=\"cad-nome\" value=\"\" size=\"40\" class=\"wpcf7-form-control wpcf7-text wpcf7-validates-as-required form-control\" id=\"cad-nome\" aria-required=\"true\" aria-invalid=\"false\" \/><\/span>\n<\/div>\n<\/div>\n<div class=\"col-12 col-sm-6 col-md-6 col-lg-6 col-xl-6\">\n<div class=\"form-group\">\n<label>E-Mail<\/label><br \/>\n<span class=\"wpcf7-form-control-wrap cad-email\"><input type=\"email\" name=\"cad-email\" value=\"\" size=\"40\" class=\"wpcf7-form-control wpcf7-text wpcf7-email wpcf7-validates-as-required wpcf7-validates-as-email form-control\" id=\"cad-email\" aria-required=\"true\" aria-invalid=\"false\" \/><\/span>\n<\/div>\n<\/div>\n<div class=\"col-12 col-sm-6 col-md-6 col-lg-6 col-xl-6\">\n<div class=\"form-group\">\n<label>Estado<\/label><br \/>\n<span class=\"wpcf7-form-control-wrap cad-estado\"><input type=\"text\" name=\"cad-estado\" value=\"\" size=\"40\" class=\"wpcf7-form-control wpcf7-text wpcf7-validates-as-required form-control\" id=\"cad-estado\" aria-required=\"true\" aria-invalid=\"false\" \/><\/span>\n<\/div>\n<\/div>\n<div class=\"col-12 col-sm-6 col-md-6 col-lg-6 col-xl-6\">\n<div class=\"form-group\">\n<label>Cidade<\/label><br \/>\n<span class=\"wpcf7-form-control-wrap cad-cidade\"><input type=\"text\" name=\"cad-cidade\" value=\"\" size=\"40\" class=\"wpcf7-form-control wpcf7-text wpcf7-validates-as-required form-control\" id=\"cad-cidade\" aria-required=\"true\" aria-invalid=\"false\" \/><\/span>\n<\/div>\n<\/div>\n<div class=\"col-12\">\n<div class=\"form-group\">\n<label>\u00c1rea de Ocupa\u00e7\u00e3o<\/label><br \/>\n<span class=\"wpcf7-form-control-wrap cad-area-atuacao\"><input type=\"text\" name=\"cad-area-atuacao\" value=\"\" size=\"40\" class=\"wpcf7-form-control wpcf7-text wpcf7-validates-as-required form-control\" id=\"cad-area-atuacao\" aria-required=\"true\" aria-invalid=\"false\" \/><\/span>\n<\/div>\n<\/div>\n<div class=\"col-12\">\n<div class=\"form-group\">\n<label>\u00c1rea de Forma\u00e7\u00e3o<\/label><br \/>\n<span class=\"wpcf7-form-control-wrap cad-area-formacao\"><input type=\"text\" name=\"cad-area-formacao\" value=\"\" size=\"40\" class=\"wpcf7-form-control wpcf7-text wpcf7-validates-as-required form-control\" id=\"cad-area-formacao\" aria-required=\"true\" aria-invalid=\"false\" \/><\/span>\n<\/div>\n<\/div>\n<div class=\"col-12\">\n<div class=\"form-group\">\n<label>\u00c1rea de Interesse<\/label><br \/>\n<span class=\"wpcf7-form-control-wrap cad-area-interesse\"><textarea name=\"cad-area-interesse\" cols=\"40\" rows=\"10\" class=\"wpcf7-form-control wpcf7-textarea wpcf7-validates-as-required form-control\" id=\"cad-area-interesse\" aria-required=\"true\" aria-invalid=\"false\"><\/textarea><\/span>\n<\/div>\n<\/div>\n<div class=\"form-group form-check\">\n<span class=\"wpcf7-form-control-wrap politica-privacidade\"><span class=\"wpcf7-form-control wpcf7-acceptance\"><span class=\"wpcf7-list-item\"><label><input type=\"checkbox\" name=\"politica-privacidade\" value=\"1\" aria-invalid=\"false\" class=\"form-check-input\" \/><span class=\"wpcf7-list-item-label\">Eu li e concordo com os <a href=\"javascript:\" data-toggle=\"modal\" data-target=\"#registroTermosModal\">Termos e Condi\u00e7\u00f5es de Uso<\/a> e a <a href=\"http:\/\/citroleogroup.com\/2021\/politica-de-privacidade\/\" target=\"_blank\">Pol\u00edtica de Privacidade.<\/a><\/span><\/label><\/span><\/span><\/span>\n<\/div>\n<div class=\"col-12\">\n<input type=\"submit\" value=\"Enviar\" class=\"wpcf7-form-control has-spinner wpcf7-submit button-send\" \/>\n<\/div>\n<\/div>\n<div class=\"modal fade\" id=\"registroTermosModal\" tabindex=\"-1\" aria-labelledby=\"registroTermosModalLabel\" aria-hidden=\"true\">\n<div class=\"modal-dialog modal-dialog-centered modal-dialog-scrollable\">\n<div class=\"modal-content\">\n<div class=\"modal-header\">\n<h5 class=\"modal-title mb-0\" id=\"registroTermosModalLabel\">TERMOS E CONDI\u00c7\u00d5ES DE USO<\/h5>\n<\/div>\n<div class=\"modal-body\">\n<p>Estou ciente e concordo em disponibilizar meus dados pessoais para o processo de Recrutamento e Sele\u00e7\u00e3o realizado pelo GRUPO CITR\u00d3LEO com a finalidade exclusiva de assistir ao processo de RECRUTAMENTO E SELE\u00c7\u00c3O DE NOVOS FUNCION\u00c1RIOS, inclusive autorizando a empresa a compartilh\u00e1-los, quando necess\u00e1rio, com seus parceiros que atuam nas demais fases desse processo.<br \/>\nEste consentimento serve para atendimento aos requisitos da Lei n\u00ba 13.709\/18 (Lei Geral de Prote\u00e7\u00e3o de Dados).<\/p>\n<\/div>\n<div class=\"modal-footer\">\n        <button type=\"button\" class=\"btn btn-secondary button-send\" data-dismiss=\"modal\">Fechar<\/button>\n      <\/div>\n<\/div>\n<\/div>\n<\/div>\n<div class=\"wpcf7-response-output\" aria-hidden=\"true\"><\/div><\/form><\/div>[\/vc_column][\/vc_row]<\/p>","protected":false},"excerpt":{"rendered":"<p>[vc_row el_class=&#8221;container form-citroleo&#8221;][vc_column][\/vc_column][\/vc_row]<\/p>\n","protected":false},"author":1,"featured_media":0,"parent":0,"menu_order":0,"comment_status":"closed","ping_status":"closed","template":"","meta":[],"acf":[],"_links":{"self":[{"href":"https:\/\/citroleogroup.com\/2021\/wp-json\/wp\/v2\/pages\/669"}],"collection":[{"href":"https:\/\/citroleogroup.com\/2021\/wp-json\/wp\/v2\/pages"}],"about":[{"href":"https:\/\/citroleogroup.com\/2021\/wp-json\/wp\/v2\/types\/page"}],"author":[{"embeddable":true,"href":"https:\/\/citroleogroup.com\/2021\/wp-json\/wp\/v2\/users\/1"}],"replies":[{"embeddable":true,"href":"https:\/\/citroleogroup.com\/2021\/wp-json\/wp\/v2\/comments?post=669"}],"version-history":[{"count":8,"href":"https:\/\/citroleogroup.com\/2021\/wp-json\/wp\/v2\/pages\/669\/revisions"}],"predecessor-version":[{"id":1546,"href":"https:\/\/citroleogroup.com\/2021\/wp-json\/wp\/v2\/pages\/669\/revisions\/1546"}],"wp:attachment":[{"href":"https:\/\/citroleogroup.com\/2021\/wp-json\/wp\/v2\/media?parent=669"}],"curies":[{"name":"wp","href":"https:\/\/api.w.org\/{rel}","templated":true}]}}