{"id":305,"date":"2021-04-19T18:59:33","date_gmt":"2021-04-19T21:59:33","guid":{"rendered":"http:\/\/citroleogroup.com\/2021\/?page_id=305"},"modified":"2021-04-19T19:40:35","modified_gmt":"2021-04-19T22:40:35","slug":"todas-as-noticias","status":"publish","type":"page","link":"https:\/\/citroleogroup.com\/2021\/es\/todas-as-noticias\/","title":{"rendered":"(Portugu\u00eas do Brasil) Todas as not\u00edcias"},"content":{"rendered":"<p class=\"qtranxs-available-languages-message qtranxs-available-languages-message-es\">Disculpa, pero esta entrada est\u00e1 disponible s\u00f3lo en <a href=\"https:\/\/citroleogroup.com\/2021\/pb\/wp-json\/wp\/v2\/pages\/305\" class=\"qtranxs-available-language-link qtranxs-available-language-link-pb\" title=\"Portugu\u00eas do Brasil\">Portugu\u00e9s De Brasil<\/a>.<\/p>","protected":false},"excerpt":{"rendered":"<p>Disculpa, pero esta entrada est\u00e1 disponible s\u00f3lo en Portugu\u00e9s De Brasil.<\/p>\n","protected":false},"author":1,"featured_media":0,"parent":0,"menu_order":0,"comment_status":"closed","ping_status":"closed","template":"template-citronews-list.php","meta":[],"acf":[],"_links":{"self":[{"href":"https:\/\/citroleogroup.com\/2021\/es\/wp-json\/wp\/v2\/pages\/305"}],"collection":[{"href":"https:\/\/citroleogroup.com\/2021\/es\/wp-json\/wp\/v2\/pages"}],"about":[{"href":"https:\/\/citroleogroup.com\/2021\/es\/wp-json\/wp\/v2\/types\/page"}],"author":[{"embeddable":true,"href":"https:\/\/citroleogroup.com\/2021\/es\/wp-json\/wp\/v2\/users\/1"}],"replies":[{"embeddable":true,"href":"https:\/\/citroleogroup.com\/2021\/es\/wp-json\/wp\/v2\/comments?post=305"}],"version-history":[{"count":3,"href":"https:\/\/citroleogroup.com\/2021\/es\/wp-json\/wp\/v2\/pages\/305\/revisions"}],"predecessor-version":[{"id":309,"href":"https:\/\/citroleogroup.com\/2021\/es\/wp-json\/wp\/v2\/pages\/305\/revisions\/309"}],"wp:attachment":[{"href":"https:\/\/citroleogroup.com\/2021\/es\/wp-json\/wp\/v2\/media?parent=305"}],"curies":[{"name":"wp","href":"https:\/\/api.w.org\/{rel}","templated":true}]}}