{"id":1398,"date":"2021-11-23T15:26:36","date_gmt":"2021-11-23T18:26:36","guid":{"rendered":"http:\/\/citroleogroup.com\/2021\/?page_id=1398"},"modified":"2022-01-06T11:08:10","modified_gmt":"2022-01-06T14:08:10","slug":"citrobio","status":"publish","type":"page","link":"https:\/\/citroleogroup.com\/2021\/es\/citrobio\/","title":{"rendered":"(Portugu\u00eas do Brasil) CitroBio"},"content":{"rendered":"<p class=\"qtranxs-available-languages-message qtranxs-available-languages-message-es\">Disculpa, pero esta entrada est\u00e1 disponible s\u00f3lo en <a href=\"https:\/\/citroleogroup.com\/2021\/pb\/wp-json\/wp\/v2\/pages\/1398\" class=\"qtranxs-available-language-link qtranxs-available-language-link-pb\" title=\"Portugu\u00eas do Brasil\">Portugu\u00e9s De Brasil<\/a> y <a href=\"https:\/\/citroleogroup.com\/2021\/en\/wp-json\/wp\/v2\/pages\/1398\" class=\"qtranxs-available-language-link qtranxs-available-language-link-en\" title=\"English\">Ingl\u00e9s Estadounidense<\/a>.<\/p>","protected":false},"excerpt":{"rendered":"<p>Disculpa, pero esta entrada est\u00e1 disponible s\u00f3lo en Portugu\u00e9s De Brasil y Ingl\u00e9s Estadounidense.<\/p>\n","protected":false},"author":1,"featured_media":0,"parent":0,"menu_order":0,"comment_status":"closed","ping_status":"closed","template":"","meta":[],"acf":[],"_links":{"self":[{"href":"https:\/\/citroleogroup.com\/2021\/es\/wp-json\/wp\/v2\/pages\/1398"}],"collection":[{"href":"https:\/\/citroleogroup.com\/2021\/es\/wp-json\/wp\/v2\/pages"}],"about":[{"href":"https:\/\/citroleogroup.com\/2021\/es\/wp-json\/wp\/v2\/types\/page"}],"author":[{"embeddable":true,"href":"https:\/\/citroleogroup.com\/2021\/es\/wp-json\/wp\/v2\/users\/1"}],"replies":[{"embeddable":true,"href":"https:\/\/citroleogroup.com\/2021\/es\/wp-json\/wp\/v2\/comments?post=1398"}],"version-history":[{"count":5,"href":"https:\/\/citroleogroup.com\/2021\/es\/wp-json\/wp\/v2\/pages\/1398\/revisions"}],"predecessor-version":[{"id":1492,"href":"https:\/\/citroleogroup.com\/2021\/es\/wp-json\/wp\/v2\/pages\/1398\/revisions\/1492"}],"wp:attachment":[{"href":"https:\/\/citroleogroup.com\/2021\/es\/wp-json\/wp\/v2\/media?parent=1398"}],"curies":[{"name":"wp","href":"https:\/\/api.w.org\/{rel}","templated":true}]}}