{"id":689,"date":"2021-06-30T21:02:54","date_gmt":"2021-07-01T00:02:54","guid":{"rendered":"http:\/\/citroleogroup.com\/2021\/?page_id=689"},"modified":"2021-11-23T16:13:27","modified_gmt":"2021-11-23T19:13:27","slug":"trabalhe-conosco","status":"publish","type":"page","link":"https:\/\/citroleogroup.com\/2021\/es\/trabalhe-conosco\/","title":{"rendered":"(Portugu\u00eas do Brasil) Trabalhe Conosco"},"content":{"rendered":"<p class=\"qtranxs-available-languages-message qtranxs-available-languages-message-es\">Disculpa, pero esta entrada est\u00e1 disponible s\u00f3lo en <a href=\"https:\/\/citroleogroup.com\/2021\/pb\/wp-json\/wp\/v2\/pages\/689\" class=\"qtranxs-available-language-link qtranxs-available-language-link-pb\" title=\"Portugu\u00eas do Brasil\">Portugu\u00e9s De Brasil<\/a>.<\/p>","protected":false},"excerpt":{"rendered":"<p>Disculpa, pero esta entrada est\u00e1 disponible s\u00f3lo en Portugu\u00e9s De Brasil.<\/p>\n","protected":false},"author":1,"featured_media":0,"parent":0,"menu_order":0,"comment_status":"closed","ping_status":"closed","template":"","meta":[],"acf":[],"_links":{"self":[{"href":"https:\/\/citroleogroup.com\/2021\/es\/wp-json\/wp\/v2\/pages\/689"}],"collection":[{"href":"https:\/\/citroleogroup.com\/2021\/es\/wp-json\/wp\/v2\/pages"}],"about":[{"href":"https:\/\/citroleogroup.com\/2021\/es\/wp-json\/wp\/v2\/types\/page"}],"author":[{"embeddable":true,"href":"https:\/\/citroleogroup.com\/2021\/es\/wp-json\/wp\/v2\/users\/1"}],"replies":[{"embeddable":true,"href":"https:\/\/citroleogroup.com\/2021\/es\/wp-json\/wp\/v2\/comments?post=689"}],"version-history":[{"count":15,"href":"https:\/\/citroleogroup.com\/2021\/es\/wp-json\/wp\/v2\/pages\/689\/revisions"}],"predecessor-version":[{"id":1415,"href":"https:\/\/citroleogroup.com\/2021\/es\/wp-json\/wp\/v2\/pages\/689\/revisions\/1415"}],"wp:attachment":[{"href":"https:\/\/citroleogroup.com\/2021\/es\/wp-json\/wp\/v2\/media?parent=689"}],"curies":[{"name":"wp","href":"https:\/\/api.w.org\/{rel}","templated":true}]}}