{"id":269,"date":"2021-04-13T12:49:49","date_gmt":"2021-04-13T15:49:49","guid":{"rendered":"http:\/\/citroleogroup.com\/2021\/?page_id=269"},"modified":"2021-12-16T16:27:04","modified_gmt":"2021-12-16T19:27:04","slug":"politica-de-privacidade","status":"publish","type":"page","link":"https:\/\/citroleogroup.com\/2021\/es\/politica-de-privacidade\/","title":{"rendered":"(Portugu\u00eas do Brasil) Pol\u00edtica de Privacidade"},"content":{"rendered":"<p class=\"qtranxs-available-languages-message qtranxs-available-languages-message-es\">Disculpa, pero esta entrada est\u00e1 disponible s\u00f3lo en <a href=\"https:\/\/citroleogroup.com\/2021\/pb\/wp-json\/wp\/v2\/pages\/269\" class=\"qtranxs-available-language-link qtranxs-available-language-link-pb\" title=\"Portugu\u00eas do Brasil\">Portugu\u00e9s De Brasil<\/a> y <a href=\"https:\/\/citroleogroup.com\/2021\/en\/wp-json\/wp\/v2\/pages\/269\" class=\"qtranxs-available-language-link qtranxs-available-language-link-en\" title=\"English\">Ingl\u00e9s Estadounidense<\/a>.<\/p>","protected":false},"excerpt":{"rendered":"<p>Disculpa, pero esta entrada est\u00e1 disponible s\u00f3lo en Portugu\u00e9s De Brasil y Ingl\u00e9s Estadounidense.<\/p>\n","protected":false},"author":1,"featured_media":0,"parent":0,"menu_order":0,"comment_status":"closed","ping_status":"closed","template":"","meta":[],"acf":[],"_links":{"self":[{"href":"https:\/\/citroleogroup.com\/2021\/es\/wp-json\/wp\/v2\/pages\/269"}],"collection":[{"href":"https:\/\/citroleogroup.com\/2021\/es\/wp-json\/wp\/v2\/pages"}],"about":[{"href":"https:\/\/citroleogroup.com\/2021\/es\/wp-json\/wp\/v2\/types\/page"}],"author":[{"embeddable":true,"href":"https:\/\/citroleogroup.com\/2021\/es\/wp-json\/wp\/v2\/users\/1"}],"replies":[{"embeddable":true,"href":"https:\/\/citroleogroup.com\/2021\/es\/wp-json\/wp\/v2\/comments?post=269"}],"version-history":[{"count":19,"href":"https:\/\/citroleogroup.com\/2021\/es\/wp-json\/wp\/v2\/pages\/269\/revisions"}],"predecessor-version":[{"id":1488,"href":"https:\/\/citroleogroup.com\/2021\/es\/wp-json\/wp\/v2\/pages\/269\/revisions\/1488"}],"wp:attachment":[{"href":"https:\/\/citroleogroup.com\/2021\/es\/wp-json\/wp\/v2\/media?parent=269"}],"curies":[{"name":"wp","href":"https:\/\/api.w.org\/{rel}","templated":true}]}}